{"id":247,"date":"2014-08-18T14:08:06","date_gmt":"2014-08-18T14:08:06","guid":{"rendered":"http:\/\/www.gt3themes.com\/wordpress-themes\/pure\/?page_id=247"},"modified":"2025-07-12T03:31:14","modified_gmt":"2025-07-12T03:31:14","slug":"biography","status":"publish","type":"page","link":"http:\/\/gunay-shamsi.com\/de\/biography\/","title":{"rendered":"BIOGRAFIE"},"content":{"rendered":"<p><img decoding=\"async\" loading=\"lazy\" class=\"alignnone wp-image-749 size-medium\" src=\"http:\/\/gunay-shamsi.com\/wp-content\/uploads\/2023\/05\/109772730_3625398720821565_101372330305154539_n-300x300.jpg\" alt=\"\" width=\"300\" height=\"300\" srcset=\"http:\/\/gunay-shamsi.com\/wp-content\/uploads\/2023\/05\/109772730_3625398720821565_101372330305154539_n-300x300.jpg 300w, http:\/\/gunay-shamsi.com\/wp-content\/uploads\/2023\/05\/109772730_3625398720821565_101372330305154539_n-1024x1024.jpg 1024w, http:\/\/gunay-shamsi.com\/wp-content\/uploads\/2023\/05\/109772730_3625398720821565_101372330305154539_n-150x150.jpg 150w, http:\/\/gunay-shamsi.com\/wp-content\/uploads\/2023\/05\/109772730_3625398720821565_101372330305154539_n-768x768.jpg 768w, http:\/\/gunay-shamsi.com\/wp-content\/uploads\/2023\/05\/109772730_3625398720821565_101372330305154539_n.jpg 1365w\" sizes=\"(max-width: 300px) 100vw, 300px\" \/><\/p>\n<div style=\"width: 55%; padding: 0 10pt 0 0; float: right;\">\n<h2><\/h2>\n<h2>Gunay Shamsi<\/h2>\n<p>Geboren in Baku, Aserbaidschan, lebt und arbeitet seit 2015 in Berlin<span class=\"Apple-converted-space\">\u00a0<\/span><\/p>\n<p><b>Ausbildung<span class=\"Apple-converted-space\">\u00a0<\/span><\/b><\/p>\n<p>1991\u20131998 Musikschule, Schwerpunkt Klavier<\/p>\n<p>2003-2007 Berufsfachschule f\u00fcr Malerei \u00abA. AsimZade\u00bb bei der Aserbeidschanischen Kunstakademie<\/p>\n<p>2007-2011 Studium der B\u00fchnenmalerei an der Aserbaidschanischen Staatlichen Universit\u00e4t f\u00fcr Kultur und Kunst. Diplom mit Auszeichnung<\/p>\n<p>2015-2018 Wei\u00dfensee Kunsthochschule Berlin, Studiengang Freie Kunst \/ Bildhauerei bei Prof. Else Gabriel. Diplom mit Auszeichnung<\/p>\n<p>2018-2020 Meistersch\u00fclerin, bei Prof. Albrecht Sch\u00e4fer und Prof. Else Gabriel an der Wei\u00dfensee Kunsthochschule Berlin<span class=\"Apple-converted-space\">\u00a0<\/span><\/p>\n<p>Berufsbezogene Praktika in Restaurierung und Konservierung (Fresken, Malerei, Ikonenmalerei, Keramik) sowie Druckgrafik (Lithografie, Radierung)<span class=\"Apple-converted-space\">\u00a0<\/span><\/p>\n<p><b>Ehrungen und Auszeichnungen<\/b><\/p>\n<p>2010-2012 Pr\u00e4sidentenstipendiatin, Stipendium f\u00fcr Malerei (Verband Aserbaidschanischer K\u00fcnstler)<br \/>\n<span class=\"Apple-converted-space\">\u00a0<\/span><\/p>\n<p>2010 \u00a0Auszeichnung der Deutsch-Aserbaidschanischen Gesellschaft e.V f\u00fcr Verdienste um die deutsch aserbaidschanischen Kulturbeziehungen<\/p>\n<p>2011 \u00a0Beste Nachwuchsmalerin Aserbaidschans (Ministerium der<br \/>\nAserbaidschanischen Republik f\u00fcr Jugend und Sport)<\/p>\n<p>2017 Gewinnerin des Malwettbewerbs des MuseumFLUXUS+, Potsdam, Deutschland<\/p>\n<p>2023 Portrait des Pr\u00e4sidenten des Republik Aserbaidschan Heydar Aliyev, f\u00fcr die Botschaft der Republik Aserbaidschan in der Bundesrepublik Deutschland<span class=\"Apple-converted-space\">\u00a0<\/span><\/p>\n<p>Seit 2023 Lumas (Signierte &amp; Limitierte Kunst &#8211; Editionen)<\/p>\n<p>2025 Mein Gem\u00e4lde \u0301 \u0301Diplomacy I I \u0301 \u0301 wird im Museum of Modern Art MoMA of Azerbaijan in Baku ausgestellt.<\/p>\n<p><b>Ausstellungen<span class=\"Apple-converted-space\">\u00a0<\/span><\/b><\/p>\n<p>2025 \u0301 \u0301Black, Red &amp; Gold \u0301 \u0301 Galerie Rosebud Contemporary, New York<\/p>\n<p>2025 \u0301 \u0301FemaleArtWeek am Potsdamer Platz \u0301 \u0301 Haus Huth, Berlin<\/p>\n<p>2023 \u0301 \u0301Fairytales of Beauties &amp; Animals \u0301 \u0301 Kunstraum F200, Berlin<\/p>\n<p>2023 \u0301 \u0301Weihnachtsausstellung 2023 der Stiftung Starke \u0301 \u0301 L\u00f6wenpalais, Berlin<span class=\"Apple-converted-space\">\u00a0<\/span><\/p>\n<p>2022 \u0301 \u0301DISCOVERY ART FAIR FRANKFURT \u2013 DIE ENTDECKERMESSE F\u00dcR ZEITGEN\u00d6SSISCHE KUNST \u0301 \u0301 Kunstmesse in Frankfurt am Main<\/p>\n<p>2022 \u0301 \u0301UN PEZZO DI ME \u0301 \u0301 in der Transform Galerie Berlin<\/p>\n<p>2021 Mein Meistersch\u00fcler-Projekt \u0301 \u0301Die Kulturelle Luftbr\u00fccke \u0301 \u0301 im K\u00fchlhaus Berlin.<\/p>\n<p>2019 Artistic meetings. Organizer: J\u00fcdische Gemeinde zu Berlin \u2013 Familienzentrum ZION. The New Synagogue, Berlin<br \/>\n2018<span class=\"Apple-converted-space\">\u00a0 <\/span>\u0301 \u0301Art Wave \u0301 \u0301 gallery Resonance, Plovdiv, Bulgaria<\/p>\n<p>2017<span class=\"Apple-converted-space\">\u00a0 <\/span>\u0301 \u0301Granatapfel und Feuerberg Contemporary Azerbaijani Art \u0301 \u0301 Kunststation Kleinsassen, Hessen, Deutschland<\/p>\n<p>2017 Kunstpreis Worpswede 2017, AUTO \/ MACHT \/ MOBILIT\u00c4T. Ausstellung der nominierten Werke. PS.SPEICHER. Einbeck, Deutschland<\/p>\n<p>2016 \u0301 \u0301Aserbaidschan trifft Japan in Berlin \u0301 \u0301 Galerie Berlin-Baku in Berlin<\/p>\n<p>2016 Academy of Contemporary Art,Creative Writing, mit Prof. Else Gabriel \/ Wei\u00dfensee Kunsthochschule Berlin, Troms\u00f8, Norwegen<\/p>\n<p>2012 \u0301 \u0301CITE INTERNATIONALE DES ARTS.PARIS \u0301 \u0301 Paris, Frankreich<\/p>\n<p>2012 \u0301 \u0301GRAND TOURNOI DE CHEVALERIE \u0301 \u0301 Normandie, Frankreich<\/p>\n<p>2012 \u0301 \u0301Blue Water \u0301 \u0301 Four Seasons Hotel. Baku, Azerbaijan<\/p>\n<p>2009 United Buddy Bears Show (mit Ali Shamsi) Berlin<\/p>\n<p>2008 1. Platz der Ausstellung anl\u00e4sslich des 85. Geburts tags des 2003 verstobenen Pr\u00e4sidenten der Aserbaidscha nischen Republik Heydar Aliyev<span class=\"Apple-converted-space\">\u00a0<\/span><\/p>\n<p><b>Einzelausstellungen<span class=\"Apple-converted-space\">\u00a0<\/span><\/b><\/p>\n<p>2014 \u0301 \u0301Adam &amp; Eva \u0301 \u0301 Ardes Galerie, Berlin<\/p>\n<p>2009 ROLE MODELS, Women Daring to Change. \u0301 \u0301WOMEN\u2019S ASSOCIATION FOR RATIONAL DEVELOP MENT \u0301 \u0301 (WARD) Baku, Azerbaijan<\/p>\n<p>2022 Bilder Pr\u00e4sentation mit einem Vortrag von Dr. Michael F. Feldkamp zum Thema:<span class=\"Apple-converted-space\">\u00a0<\/span> \u0301 \u0301FRACK, CUT, SMOKING &#8211; STILSICHER VOM ABENDEMPFANG BIS IN DEN DEUTSCHEN BUNDESTAG \u0301 \u0301 in der Firma \u0301 \u0301Cut For You \u0301 \u0301 in Berlin<\/p>\n<p>2022 Pr\u00e4sentation meiner Bilder in Aserbaidschanischen Kulturhauses \u0301 \u0301Khari B\u00fclb\u00fcl e.V. \u0301 \u0301 zum Nationalfeiertag der Aserbaidschanischen Demokratischen Republik (28. Mai) im Hotel Waldorf Astoria in Berlin.<span class=\"Apple-converted-space\">\u00a0<\/span><\/p>\n<p><b>Philo-sur-realismus<span class=\"Apple-converted-space\">\u00a0<\/span><\/b><\/p>\n<p>K\u00fcnstler sind nicht selten extrovertiert, offen und gleich zeitig hoch sensibel. Sie m\u00fcssen es sein! Sie wollen und m\u00fcssen ihrer Kunst Ausdruck verleihen, egal ob als Maler auf der Leinwand, als Schriftsteller auf dem Papier oder als Schauspieler auf der B\u00fchne beziehungsweise vor der Filmkamera.<span class=\"Apple-converted-space\">\u00a0<\/span><\/p>\n<p>Eine besondere Sensibilit\u00e4t m\u00fcssen wir bei Malern voraus setzen. Sie nehmen mit wachen Augen ihre Umgebung<\/p>\n<p>auf und sind in der Lage, Eindr\u00fccke, Stimmung und sogar Ger\u00fcche und Ger\u00e4usche in einem Bild festzuhalten. So wider spr\u00fcchlich es klingt: Sie visualisieren auch Dinge, die man gar nicht sehen kann! Hier appellieren K\u00fcnstler an unser sogenanntes Kopfkino! Maler interpretieren und verfremden, wenn sie ihre Eindr\u00fccke in einem Bild verewigen.<span class=\"Apple-converted-space\">\u00a0<\/span><\/p>\n<p>Kunst ist sinnstiftend. Und das gilt besonders f\u00fcr die Kunst von G\u00fcnay Shamsi.<span class=\"Apple-converted-space\">\u00a0<\/span><\/p>\n<p>Sie f\u00fchrt verschiedene inhaltliche Bereiche (oder Themen) und Techniken zusammen. Viele ihrer Werke kennzeichnet, dass Malerei und Bildhauerei zusammengef\u00fchrt werden. Durch die Verwendung von verschiedenen Materialien werden ihre Bilder unweigerlich zu Objekten und zu drei dimensionalen Erlebnisr\u00e4umen. Es kommt zu optischen T\u00e4uschungen, die durch Licht und Farbe zus\u00e4tzlich verst\u00e4rkt werden. Der Betrachter muss genau hinsehen, um G\u00fcnay Shamsis Kunst zu erfassen und intellektuell zu<span class=\"Apple-converted-space\">\u00a0<\/span><\/p>\n<p>erschlie\u00dfen. Auf Leinw\u00e4nde montiert G\u00fcnay Shamsi weitere, kleinere Leinw\u00e4nde. R\u00e4ume werden verlassen, wenn farbige Flammen aus dem Bilderrahmen gleichsam schlagen oder farbige Fl\u00fcssigkeiten aus der Leinwand geradezu herausstr\u00f6men.<span class=\"Apple-converted-space\">\u00a0<\/span><\/p>\n<p>R\u00e4ume verlassen?! Das ist auch symbolisch zu verstehen: G\u00fcnay Shamsis Kunst h\u00e4lt sich nicht an die Vorgaben und Vorschriften, die eine Leinwand impliziert. Hier ist ihre Kunst experimentell. G\u00fcnay experimentiert aber nicht.<span class=\"Apple-converted-space\">\u00a0<\/span><\/p>\n<p>Ihr nur scheinbar leichtfertiger Umgang mit Farben sowie Materialien, die eigentlich nicht zusammengehen, ist hoch professionell.<span class=\"Apple-converted-space\">\u00a0<\/span><\/p>\n<p>G\u00fcnay Shamsi ist in ihrer Kunst nicht Grenzg\u00e4ngerin, viel mehr \u00fcberschreitet sie Grenzen. Das klingt provokant, doch G\u00fcnay Shamsis Kunst ist vers\u00f6hnlich. G\u00fcnay Shamsi verbindet und vers\u00f6hnt in ihren Werken und Bildern die Natur und die Kultur miteinander. Das Ergebnis ist ihr un verwechselbarer eigener Stil. Nur wenige K\u00fcnstler entwickeln einen Stil, der nur mit ihrem Namen verbunden ist. G\u00fcnay Shamsi scheint dieses bereits gelungen zu sein. Sie ahmt nicht nach. Sie ist kein Epigone.<span class=\"Apple-converted-space\">\u00a0<\/span><\/p>\n<p>Betrachten wir alleine das Titelbild dieses Katalogs. Es ist ein wirkliches Meisterwerk und vielleicht bisher eines ihrer intimsten Bilder. Es hei\u00dft: \u201eInitium novum\u201c. Eine K\u00fcnstlerin aus Aserbaidschan, deren Muttersprachen aserbaidschanisch und russisch sind, lebt und wirkt in Berlin und gibt diesem Werk einen lateinischen Titel. Auf dem Bild ist eine Taube mit einem gr\u00fcnen Zweig im Schnabel zu sehen, die auf einer chinesischen Porzellanvase steht. Die Vase stammt aus einer vergangenen Hochkultur. In der biblischen Mythologie ist die Taube ein Zeitzeuge der Sintflut. Mit dem \u00d6lzweig verhie\u00df sie Noah und den Tieren auf seiner Arche nach dieser gro\u00dfen, f\u00fcr viele existenzbedrohlichen Katastrophe neues Leben. Es gibt einen Neuanfang. Wir erahnen ihn auch, denn der Schattenwurf des gerade zu bescheidenen Olivenzweigs ist grandios. Ein wunder barer gro\u00dfartiger Blumenstrau\u00df erwartet uns.<span class=\"Apple-converted-space\">\u00a0<\/span><\/p>\n<p>Nur vordergr\u00fcndig w\u00fcrde man eine Detailverliebtheit bei G\u00fcnay Shamsis Bildern erkennen k\u00f6nnen. Denn tats\u00e4chlich ist ihre Liebe zum Gegenst\u00e4ndlichen und Realistischen \u2013 ja, wir k\u00f6nnten von \u201ePhiloRealismus\u201c sprechen \u2013 nur Mittel zum Zweck, denn es handelt sich zugleich um ein widerspr\u00fcchliches und geradezu surrealistisches Bild. Der surrealistische Schattenwurf entgeht dem Betrachter nicht. Wir k\u00f6nnen bei G\u00fcnay Shamsis Bild von \u201ePhilosurrealismus\u201c sprechen. Der Widerspruch in der Kunst von G\u00fcnay Shamsi wird vielleicht durch diese Wortsch\u00f6pfung am geeignetsten verbalisiert.<span class=\"Apple-converted-space\">\u00a0<\/span><\/p>\n<p>Dr. phil. Michael F. Feldkamp<span class=\"Apple-converted-space\">\u00a0<\/span><\/p>\n<p><i>Historiker und Politikberater u.a. in kulturellen Fragen im Deutschen Bundestag<span class=\"Apple-converted-space\">\u00a0<\/span><\/i><\/p>\n<\/div>\n<p>","protected":false},"excerpt":{"rendered":"<p>Gunay Shamsi Geboren in Baku, Aserbaidschan, lebt und arbeitet seit 2015 in Berlin\u00a0 Ausbildung\u00a0 1991\u20131998 Musikschule, Schwerpunkt Klavier 2003-2007 Berufsfachschule f\u00fcr Malerei \u00abA. AsimZade\u00bb bei der Aserbeidschanischen Kunstakademie 2007-2011 Studium der B\u00fchnenmalerei an der Aserbaidschanischen Staatlichen Universit\u00e4t f\u00fcr Kultur und Kunst. Diplom mit Auszeichnung 2015-2018 Wei\u00dfensee Kunsthochschule Berlin, Studiengang Freie Kunst \/ Bildhauerei bei Prof. Else Gabriel. Diplom mit Auszeichnung 2018-2020 Meistersch\u00fclerin, bei Prof. Albrecht Sch\u00e4fer und Prof. Else Gabriel an der Wei\u00dfensee Kunsthochschule Berlin\u00a0 Berufsbezogene Praktika in Restaurierung und Konservierung (Fresken, Malerei, Ikonenmalerei, Keramik) sowie Druckgrafik (Lithografie, Radierung)\u00a0 Ehrungen und Auszeichnungen 2010-2012 Pr\u00e4sidentenstipendiatin, Stipendium f\u00fcr Malerei (Verband Aserbaidschanischer K\u00fcnstler) \u00a0 2010 \u00a0Auszeichnung der Deutsch-Aserbaidschanischen Gesellschaft e.V f\u00fcr Verdienste um die deutsch aserbaidschanischen Kulturbeziehungen 2011 \u00a0Beste Nachwuchsmalerin Aserbaidschans (Ministerium der Aserbaidschanischen Republik f\u00fcr Jugend und Sport) 2017 Gewinnerin des Malwettbewerbs des MuseumFLUXUS+, Potsdam, Deutschland 2023 Portrait des Pr\u00e4sidenten des Republik Aserbaidschan Heydar Aliyev, f\u00fcr die Botschaft der Republik Aserbaidschan in der Bundesrepublik Deutschland\u00a0 Seit 2023 Lumas (Signierte &amp; Limitierte Kunst &#8211; Editionen) 2025 Mein Gem\u00e4lde \u0301 \u0301Diplomacy I I \u0301 \u0301 wird im Museum of Modern Art MoMA of Azerbaijan in Baku ausgestellt. Ausstellungen\u00a0 2025 \u0301 \u0301Black, Red &amp; Gold \u0301 \u0301 Galerie Rosebud Contemporary, New York 2025 \u0301 \u0301FemaleArtWeek [&hellip;]<\/p>\n","protected":false},"author":1,"featured_media":0,"parent":0,"menu_order":0,"comment_status":"open","ping_status":"open","template":"","meta":[],"_links":{"self":[{"href":"http:\/\/gunay-shamsi.com\/de\/wp-json\/wp\/v2\/pages\/247"}],"collection":[{"href":"http:\/\/gunay-shamsi.com\/de\/wp-json\/wp\/v2\/pages"}],"about":[{"href":"http:\/\/gunay-shamsi.com\/de\/wp-json\/wp\/v2\/types\/page"}],"author":[{"embeddable":true,"href":"http:\/\/gunay-shamsi.com\/de\/wp-json\/wp\/v2\/users\/1"}],"replies":[{"embeddable":true,"href":"http:\/\/gunay-shamsi.com\/de\/wp-json\/wp\/v2\/comments?post=247"}],"version-history":[{"count":35,"href":"http:\/\/gunay-shamsi.com\/de\/wp-json\/wp\/v2\/pages\/247\/revisions"}],"predecessor-version":[{"id":874,"href":"http:\/\/gunay-shamsi.com\/de\/wp-json\/wp\/v2\/pages\/247\/revisions\/874"}],"wp:attachment":[{"href":"http:\/\/gunay-shamsi.com\/de\/wp-json\/wp\/v2\/media?parent=247"}],"curies":[{"name":"wp","href":"https:\/\/api.w.org\/{rel}","templated":true}]}}